{"id":1595,"date":"2023-12-15T15:05:06","date_gmt":"2023-12-15T14:05:06","guid":{"rendered":"https:\/\/makk-pracowniamebli.pl\/?page_id=1595"},"modified":"2023-12-15T15:19:18","modified_gmt":"2023-12-15T14:19:18","slug":"polityka-prywatnosci","status":"publish","type":"page","link":"https:\/\/makk-pracowniamebli.pl\/index.php\/polityka-prywatnosci\/","title":{"rendered":"Polityka prywatno\u015bci"},"content":{"rendered":"\t\t<div data-elementor-type=\"wp-page\" data-elementor-id=\"1595\" class=\"elementor elementor-1595\">\n\t\t\t\t\t\t\t\t\t<section class=\"elementor-section elementor-top-section elementor-element elementor-element-fa7014e elementor-section-boxed elementor-section-height-default elementor-section-height-default\" data-id=\"fa7014e\" data-element_type=\"section\">\n\t\t\t\t\t\t<div class=\"elementor-container elementor-column-gap-default\">\n\t\t\t\t\t<div class=\"elementor-column elementor-col-100 elementor-top-column elementor-element elementor-element-c672ee9\" data-id=\"c672ee9\" data-element_type=\"column\">\n\t\t\t<div class=\"elementor-widget-wrap elementor-element-populated\">\n\t\t\t\t\t\t\t\t<div class=\"elementor-element elementor-element-c08f0fc elementor-widget elementor-widget-text-editor\" data-id=\"c08f0fc\" data-element_type=\"widget\" data-widget_type=\"text-editor.default\">\n\t\t\t\t<div class=\"elementor-widget-container\">\n\t\t\t<style>\/*! elementor - v3.10.1 - 17-01-2023 *\/\n.elementor-widget-text-editor.elementor-drop-cap-view-stacked .elementor-drop-cap{background-color:#818a91;color:#fff}.elementor-widget-text-editor.elementor-drop-cap-view-framed .elementor-drop-cap{color:#818a91;border:3px solid;background-color:transparent}.elementor-widget-text-editor:not(.elementor-drop-cap-view-default) .elementor-drop-cap{margin-top:8px}.elementor-widget-text-editor:not(.elementor-drop-cap-view-default) .elementor-drop-cap-letter{width:1em;height:1em}.elementor-widget-text-editor .elementor-drop-cap{float:left;text-align:center;line-height:1;font-size:50px}.elementor-widget-text-editor .elementor-drop-cap-letter{display:inline-block}<\/style>\t\t\t\t<p><strong>1. CIASTECZKA &#8211; BANER:<\/strong><br \/>Cenimy prywatno\u015b\u0107 u\u017cytkownik\u00f3w<br \/>U\u017cywamy plik\u00f3w cookie, aby poprawi\u0107 jako\u015b\u0107 przegl\u0105dania, wy\u015bwietla\u0107 reklamy lub tre\u015bci dostosowane do indywidualnych potrzeb u\u017cytkownik\u00f3w oraz analizowa\u0107 ruch na stronie. Klikni\u0119cie przycisku \u201eAkceptuj wszystkie\u201d oznacza zgod\u0119 na wykorzystywanie przez nas plik\u00f3w cookie. Polityka Cookie Odrzu\u0107 Akceptuj<br \/><strong>2. POD FORMULARZEM &#8211; ZGODA NA<\/strong> <strong>PRZETWARZANIE DANYCH<\/strong><br \/><strong>POLITYKA PRYWATNO\u015aCI<\/strong><br \/>Podanie danych osobowych jest zawsze dobrowolne co opisuje poni\u017csza polityka prywatno\u015bci. W ka\u017cdej chwili masz prawo do aktualizacji lub ca\u0142kowitego usuni\u0119cia swoich danych osobowych.<br \/>I. Administratorem danych osobowych serwisu rodozgodny.pl jest:<br \/>MAKK Pracownia Mebli Agnieszka Mia\u015bkiewicz<br \/>Kostrogaj 4, 09-402 P\u0142ock, NIP 7741176210, REGON 521527988<br \/>kontakt: e-mail: pracowniamebli.makk@gmail.com, tel. +48 725449200<br \/>Dzia\u0142alno\u015b\u0107 wpisana do CEIDG.<br \/>II. W jakim celu pozyskujemy od Ciebie dane i jak je przetwarzamy.<br \/><strong>1. Formularz kontaktowy.<\/strong> Masz mo\u017cliwo\u015b\u0107 skontaktowania si\u0119 z nami poprzez przes\u0142anie zapytania za po\u015brednictwem formularza kontaktowego umieszczonego na naszej stronie. W takim przypadku podajesz nam swoje imi\u0119, nazwisko, adres e-mail, numer telefonu oraz inne informacje w tre\u015bci wiadomo\u015bci, kt\u00f3re mog\u0105 zawiera\u0107 dane osobowe. <br \/>Podanie tych danych jest dobrowolne, ale niezb\u0119dne, by nawi\u0105za\u0107 z nami kontakt za pomoc\u0105 formularza. Podstaw\u0105 prawn\u0105 przetwarzania tych danych jest Twoja zgoda (art. 6 ust. 1 lit. a RODO) wyra\u017cona podczas zainicjowania z nami kontaktu. Przetwarzanie po zako\u0144czeniu kontaktu odbywa si\u0119 na podstawie uzasadnionego interesu administratora (art. 6 ust. 1 lit. c<br \/>RODO) zwi\u0105zanego z archiwizacja korespondencji na potrzeby wewn\u0119trzne. <br \/>Podane przez ciebie dane osobowe s\u0105 przetwarzane w celu odpowiedzi na twoja wiadomo\u015b\u0107 i<br \/>b\u0119d\u0105 przechowywane przez czas archiwizacji korespondencji. Masz prawo dost\u0119pu do historii korespondencji (je\u015bli podlega\u0142a archiwizacji) oraz masz prawo domaga\u0107 si\u0119 usuni\u0119cia korespondencji, chyba \u017ce jej archiwizacja jest uzasadniona z uwagi na nadrz\u0119dne interesy Administratora, np. obrona przed potencjalnymi roszczeniami z Twojej strony.<br \/><strong>III. Polityka cookies<\/strong><br \/>Nasza strona internetowa wykorzystuje pliki cookies, by zapewni\u0107 ci najlepsze do\u015bwiadczenia zwi\u0105zane z jej wykorzystaniem. Cookies to niewielkie informacje tekstowe, przechowywane na twoim urz\u0105dzeniu ko\u0144cowym (np. komputerze, tablecie, smartfonie), kt\u00f3re mog\u0105 by\u0107 odczytywane przez nasz system teleinformatyczny. Cookies pozwalaj\u0105 nam:<br \/>zapewni\u0107 prawid\u0142owe funkcjonowanie strony jakiego oczekujesz,<br \/>poprawi\u0107 szybko\u015b\u0107 i bezpiecze\u0144stwo korzystania ze strony,<br \/>ulepsza\u0107 funkcje dost\u0119pne dla ciebie na stronie,<br \/>korzysta\u0107 z narz\u0119dzi analitycznych,<br \/>korzysta\u0107 z narz\u0119dzi marketingowych,<br \/>zapewnia\u0107 funkcje spo\u0142eczno\u015bciowe.<br \/>Podczas pierwszej wizyty na naszej stronie wy\u015bwietlana jest ci informacja na temat stosowania plik\u00f3w cookies. Zaakceptowanie i zamkni\u0119cie tej informacji oznacza, \u017ce wyra\u017casz zgod\u0119 na wykorzystywanie plik\u00f3w cookies zgodnie z postanowieniami niniejszej polityki prywatno\u015bci. Zgod\u0119 zawsze mo\u017cesz wycofa\u0107, usuwaj\u0105c pliki cookies lub zmieniaj\u0105c ustawienia plik\u00f3w cookies w Twojej przegl\u0105darce. Pami\u0119taj jednak, \u017ce wy\u0142\u0105czenie plik\u00f3w cookies mo\u017ce powodowa\u0107 trudno\u015bci w korzystaniu ze strony, jak r\u00f3wnie\u017c z wielu innych stron internetowych, kt\u00f3re stosuj\u0105 cookies.<br \/><strong>IV. Twoje prawa jako osoby, kt\u00f3rej dane dotycz\u0105<\/strong><br \/>W zwi\u0105zku z przetwarzaniem przez nas Twoich danych osobowych, przys\u0142uguj\u0105 Ci nast\u0119puj\u0105ce uprawnienia:<br \/>Prawo do \u017c\u0105dania dost\u0119pu do swoich danych osobowych, ich sprostowania, usuni\u0119cia lub<br \/>ograniczenia przetwarzania,<br \/>Prawo do wniesienia sprzeciwu wobec przetwarzania,<br \/>Prawo do przenoszenia danych,<br \/>Prawo do cofni\u0119cia zgody na przetwarzanie danych osobowych w okre\u015blonym celu, je\u017celi<br \/>uprzednio wyrazi\u0142e\u015b tak\u0105 zgod\u0119,<br \/>Prawo do wniesienia skargi do organu nadzorczego w zwi\u0105zku z przetwarzaniem przez nas<br \/>danych osobowych.<br \/><strong>V. Udost\u0119pnianie danych osobowych<\/strong><br \/>W szczeg\u00f3lnych sytuacjach, w kt\u00f3rych obowi\u0105zuj\u0105ce prawo nakazuje nam udost\u0119pnienie zebranych danych organom pa\u0144stwowym, b\u0119dziemy zobowi\u0105zani takie dane udost\u0119pni\u0107. Z wy\u0142\u0105czeniem tych sytuacji, dane osobowe b\u0119d\u0105 ujawnianie wy\u0142\u0105cznie w zakresie, celu i podmiotom wymienionym w niniejszej polityce prywatno\u015bci.<br \/><strong>VI. Czy przekazujemy Twoje dane do pa\u0144stw spoza Europejskiego Obszaru Gospodarczego?<\/strong><br \/>Dane osobowe mog\u0105 zosta\u0107 przekazane poza Europejski Obszar Gospodarczy zw\u0142aszcza w przypadku gdy dostawcy us\u0142ug wykorzystanych w witrynie posiadaj\u0105 siedzib\u0119 lub serwery poza OEG. Je\u017celi taki transfer b\u0119dzie mia\u0142 miejsce to zawsze w oparciu o odpowiednie zabezpieczenia prawne, kt\u00f3rymi s\u0105 m.in. standardowe klauzule umowne dotycz\u0105ce przekazywania danych osobowych podmiotom przetwarzaj\u0105cym dane maj\u0105cym siedzib\u0119 w krajach trzecich, zatwierdzone przez Komisj\u0119 Europejsk\u0105.<br \/><strong>VII. Przepisy ko\u0144cowe<\/strong><br \/>Administrator zastrzega sobie prawo zmiany polityki prywatno\u015bci, o ile b\u0119dzie wymaga\u0107 tego obowi\u0105zuj\u0105ce prawo, ulegn\u0105 zmianie warunki technologiczne funkcjonowania serwisu lub zmiana b\u0119dzie wprowadza\u0107 standard wy\u017cszy od minimum wymaganego prawem. <br \/><strong>Polityka prywatno\u015bci \u2013 Wersja z dnia 24.11.2023 r.<\/strong><\/p>\t\t\t\t\t\t<\/div>\n\t\t\t\t<\/div>\n\t\t\t\t\t<\/div>\n\t\t<\/div>\n\t\t\t\t\t\t\t<\/div>\n\t\t<\/section>\n\t\t\t\t\t\t\t<\/div>\n\t\t","protected":false},"excerpt":{"rendered":"<p>1. CIASTECZKA &#8211; BANER:Cenimy prywatno\u015b\u0107 u\u017cytkownik\u00f3wU\u017cywamy plik\u00f3w cookie, aby poprawi\u0107 jako\u015b\u0107 przegl\u0105dania, wy\u015bwietla\u0107 reklamy lub tre\u015bci dostosowane do indywidualnych potrzeb u\u017cytkownik\u00f3w oraz analizowa\u0107 ruch na stronie. Klikni\u0119cie przycisku \u201eAkceptuj wszystkie\u201d oznacza zgod\u0119 na wykorzystywanie przez nas plik\u00f3w cookie. Polityka Cookie Odrzu\u0107 Akceptuj2. POD FORMULARZEM &#8211; ZGODA NA PRZETWARZANIE DANYCHPOLITYKA PRYWATNO\u015aCIPodanie danych osobowych jest zawsze dobrowolne &hellip;<\/p>\n<p class=\"read-more\"> <a class=\"\" href=\"https:\/\/makk-pracowniamebli.pl\/index.php\/polityka-prywatnosci\/\"> <span class=\"screen-reader-text\">Polityka prywatno\u015bci<\/span> Read More &raquo;<\/a><\/p>\n","protected":false},"author":1,"featured_media":0,"parent":0,"menu_order":0,"comment_status":"closed","ping_status":"closed","template":"","meta":{"site-sidebar-layout":"no-sidebar","site-content-layout":"page-builder","ast-global-header-display":"","ast-main-header-display":"","ast-hfb-above-header-display":"","ast-hfb-below-header-display":"","ast-hfb-mobile-header-display":"","site-post-title":"disabled","ast-breadcrumbs-content":"","ast-featured-img":"disabled","footer-sml-layout":"","theme-transparent-header-meta":"","adv-header-id-meta":"","stick-header-meta":"","header-above-stick-meta":"","header-main-stick-meta":"","header-below-stick-meta":"","footnotes":""},"class_list":["post-1595","page","type-page","status-publish","hentry"],"_links":{"self":[{"href":"https:\/\/makk-pracowniamebli.pl\/index.php\/wp-json\/wp\/v2\/pages\/1595","targetHints":{"allow":["GET"]}}],"collection":[{"href":"https:\/\/makk-pracowniamebli.pl\/index.php\/wp-json\/wp\/v2\/pages"}],"about":[{"href":"https:\/\/makk-pracowniamebli.pl\/index.php\/wp-json\/wp\/v2\/types\/page"}],"author":[{"embeddable":true,"href":"https:\/\/makk-pracowniamebli.pl\/index.php\/wp-json\/wp\/v2\/users\/1"}],"replies":[{"embeddable":true,"href":"https:\/\/makk-pracowniamebli.pl\/index.php\/wp-json\/wp\/v2\/comments?post=1595"}],"version-history":[{"count":7,"href":"https:\/\/makk-pracowniamebli.pl\/index.php\/wp-json\/wp\/v2\/pages\/1595\/revisions"}],"predecessor-version":[{"id":1602,"href":"https:\/\/makk-pracowniamebli.pl\/index.php\/wp-json\/wp\/v2\/pages\/1595\/revisions\/1602"}],"wp:attachment":[{"href":"https:\/\/makk-pracowniamebli.pl\/index.php\/wp-json\/wp\/v2\/media?parent=1595"}],"curies":[{"name":"wp","href":"https:\/\/api.w.org\/{rel}","templated":true}]}}